{"id":11152,"date":"2026-02-21T13:12:04","date_gmt":"2026-02-21T10:12:04","guid":{"rendered":"https:\/\/casetti.wpevi.com\/valen-metal-saksi\/"},"modified":"2026-02-23T13:21:15","modified_gmt":"2026-02-23T10:21:15","slug":"valen-metal-saksi","status":"publish","type":"product","link":"https:\/\/casetti.wpevi.com\/en\/valen-metal-saksi\/","title":{"rendered":"Valen Metal Planter"},"content":{"rendered":"<p>Modern mimari \u00e7izgilerden ilham alan <strong>Casetti Valen Saks\u0131<\/strong>, g\u00fc\u00e7l\u00fc formu ve zarif metal detaylar\u0131yla bulundu\u011fu ortama karakter kazand\u0131r\u0131r.<br \/> 55 \u00d7 55 cm \u00f6l\u00e7\u00fcs\u00fc ve 55 cm y\u00fcksekli\u011fi sayesinde hem i\u00e7 mek\u00e2nlarda hem projelerde kult bir duru\u015f sergiler.<\/p>\n<p>Mat siyah g\u00f6vde ile alt\u0131n tonlu metal \u00e7er\u00e7evenin kontrast\u0131, tasar\u0131m\u0131n l\u00fcks alg\u0131s\u0131n\u0131 g\u00fc\u00e7lendirirken minimal mimari \u00e7izgilerle zamans\u0131z bir stil sunar. Salon, ofis ve villa projelerinde statement par\u00e7a olarak kullan\u0131lmak \u00fczere tasarlanm\u0131\u015ft\u0131r.<\/p>\n<p>\ud83d\udccf \u00d6l\u00e7\u00fc: 55 \u00d7 55 cm<br \/>&nbsp;\ud83d\udcd0 Y\u00fckseklik: 55 cm<\/p>","protected":false},"excerpt":{"rendered":"<p>Modern mimari \u00e7izgilerden ilham alan Casetti Valen Saks\u0131, g\u00fc\u00e7l\u00fc formu ve zarif metal detaylar\u0131yla bulundu\u011fu ortama karakter kazand\u0131r\u0131r. 55 \u00d7 55 cm \u00f6l\u00e7\u00fcs\u00fc ve 55 cm y\u00fcksekli\u011fi sayesinde hem i\u00e7 mek\u00e2nlarda hem projelerde kult bir duru\u015f sergiler. Mat siyah g\u00f6vde ile alt\u0131n tonlu metal \u00e7er\u00e7evenin kontrast\u0131, tasar\u0131m\u0131n l\u00fcks alg\u0131s\u0131n\u0131 g\u00fc\u00e7lendirirken minimal mimari \u00e7izgilerle zamans\u0131z bir &hellip; <a href=\"https:\/\/casetti.wpevi.com\/en\/valen-metal-saksi\/\" class=\"more-link\">Continue reading <span class=\"screen-reader-text\">Valen Metal Planter<\/span><\/a><\/p>","protected":false},"featured_media":11669,"comment_status":"open","ping_status":"closed","template":"","meta":[],"product_brand":[217],"product_cat":[212],"product_tag":[],"class_list":{"0":"post-11152","1":"product","2":"type-product","3":"status-publish","4":"has-post-thumbnail","6":"product_brand-casetti","7":"product_cat-saksi-vazo-kup","8":"pa_renk-krom","9":"pa_renk-mat-gold","12":"instock","13":"taxable","14":"shipping-taxable","15":"purchasable","16":"product-type-variable"},"_links":{"self":[{"href":"https:\/\/casetti.wpevi.com\/en\/wp-json\/wp\/v2\/product\/11152","targetHints":{"allow":["GET"]}}],"collection":[{"href":"https:\/\/casetti.wpevi.com\/en\/wp-json\/wp\/v2\/product"}],"about":[{"href":"https:\/\/casetti.wpevi.com\/en\/wp-json\/wp\/v2\/types\/product"}],"replies":[{"embeddable":true,"href":"https:\/\/casetti.wpevi.com\/en\/wp-json\/wp\/v2\/comments?post=11152"}],"version-history":[{"count":0,"href":"https:\/\/casetti.wpevi.com\/en\/wp-json\/wp\/v2\/product\/11152\/revisions"}],"wp:featuredmedia":[{"embeddable":true,"href":"https:\/\/casetti.wpevi.com\/en\/wp-json\/wp\/v2\/media\/11669"}],"wp:attachment":[{"href":"https:\/\/casetti.wpevi.com\/en\/wp-json\/wp\/v2\/media?parent=11152"}],"wp:term":[{"taxonomy":"product_brand","embeddable":true,"href":"https:\/\/casetti.wpevi.com\/en\/wp-json\/wp\/v2\/product_brand?post=11152"},{"taxonomy":"product_cat","embeddable":true,"href":"https:\/\/casetti.wpevi.com\/en\/wp-json\/wp\/v2\/product_cat?post=11152"},{"taxonomy":"product_tag","embeddable":true,"href":"https:\/\/casetti.wpevi.com\/en\/wp-json\/wp\/v2\/product_tag?post=11152"}],"curies":[{"name":"wp","href":"https:\/\/api.w.org\/{rel}","templated":true}]}}