{"id":11106,"date":"2026-02-21T12:00:07","date_gmt":"2026-02-21T09:00:07","guid":{"rendered":"https:\/\/casetti.wpevi.com\/nox-firin-boyali-3lu-zigon-seti\/"},"modified":"2026-02-24T12:06:16","modified_gmt":"2026-02-24T09:06:16","slug":"nox-3lu-zigon-seti","status":"publish","type":"product","link":"https:\/\/casetti.wpevi.com\/en\/nox-3lu-zigon-seti\/","title":{"rendered":"Nox 3-Piece Nesting Table Set"},"content":{"rendered":"<p>\u00dcr\u00fcn \u00d6l\u00e7\u00fcleri;<br \/>Y\u00fckseklik : 61 cm &#8211; 54 cm &#8211; 54 cm<br \/>\u00dcst Tabla<br \/>1. 45 cm x 70 cm<br \/>2. 29 cm x 45 cm<br \/>3. 29 cm x 45 cm<\/p>\n<p><strong>C ayak formu<\/strong> sayesinde koltuk ve kanepe alt\u0131na rahatl\u0131kla girebilen bu \u00f6zel tasar\u0131m, kullan\u0131m alan\u0131n\u0131z\u0131 maksimum verimle de\u011ferlendirmenizi sa\u011flar. \u0130\u00e7 i\u00e7e ge\u00e7ebilen yap\u0131s\u0131 sayesinde kullan\u0131lmad\u0131\u011f\u0131 zamanlarda minimum yer kaplar; misafir a\u011f\u0131rlarken veya g\u00fcnl\u00fck kullan\u0131mda pratik bir \u00e7\u00f6z\u00fcm sunar.<\/p>\n<p>Minimal \u00e7izgileri, dengeli oranlar\u0131 ve l\u00fcks duru\u015fuyla, modern, loft ve \u00e7a\u011fda\u015f dekorasyon stilleriyle kusursuz uyum sa\u011flar.<\/p>\n<h3><strong>Featured Features<\/strong><\/h3>\n<ul>\n<li>C ayak tasar\u0131m\u0131 (koltuk alt\u0131na giren yap\u0131)<\/li>\n<li>\u0130\u00e7 i\u00e7e ge\u00e7ebilen pratik kullan\u0131m<\/li>\n<li>Dayan\u0131kl\u0131, sa\u011flam ve uzun \u00f6m\u00fcrl\u00fc malzeme<\/li>\n<li>Salon, oturma odas\u0131 ve ofis kullan\u0131m\u0131 i\u00e7in ideal<\/li>\n<\/ul>\n<p>Ya\u015fam alanlar\u0131n\u0131za hem <strong>\u015f\u0131kl\u0131k hem de fonksiyon<\/strong> kazand\u0131rmak istiyorsan\u0131z, NOX<strong> Bronze C Zigon Sehpa Seti<\/strong> do\u011fru tercih.<\/p>","protected":false},"excerpt":{"rendered":"<p>\u00dcr\u00fcn \u00d6l\u00e7\u00fcleri;Y\u00fckseklik : 61 cm &#8211; 54 cm &#8211; 54 cm\u00dcst Tabla1. 45 cm x 70 cm2. 29 cm x 45 cm3. 29 cm x 45 cm C ayak formu sayesinde koltuk ve kanepe alt\u0131na rahatl\u0131kla girebilen bu \u00f6zel tasar\u0131m, kullan\u0131m alan\u0131n\u0131z\u0131 maksimum verimle de\u011ferlendirmenizi sa\u011flar. \u0130\u00e7 i\u00e7e ge\u00e7ebilen yap\u0131s\u0131 sayesinde kullan\u0131lmad\u0131\u011f\u0131 zamanlarda minimum yer &hellip; <a href=\"https:\/\/casetti.wpevi.com\/en\/nox-3lu-zigon-seti\/\" class=\"more-link\">Continue reading <span class=\"screen-reader-text\">Nox 3-Piece Nesting Table Set<\/span><\/a><\/p>","protected":false},"featured_media":12504,"comment_status":"open","ping_status":"closed","template":"","meta":[],"product_brand":[217],"product_cat":[159,199],"product_tag":[],"class_list":{"0":"post-11106","1":"product","2":"type-product","3":"status-publish","4":"has-post-thumbnail","6":"product_brand-casetti","7":"product_cat-metal-mobilya","8":"product_cat-zigon-sehpa","9":"pa_renk-krom","10":"pa_renk-mat-gold","11":"pa_renk-mat-siyah","14":"instock","15":"taxable","16":"shipping-taxable","17":"purchasable","18":"product-type-variable"},"_links":{"self":[{"href":"https:\/\/casetti.wpevi.com\/en\/wp-json\/wp\/v2\/product\/11106","targetHints":{"allow":["GET"]}}],"collection":[{"href":"https:\/\/casetti.wpevi.com\/en\/wp-json\/wp\/v2\/product"}],"about":[{"href":"https:\/\/casetti.wpevi.com\/en\/wp-json\/wp\/v2\/types\/product"}],"replies":[{"embeddable":true,"href":"https:\/\/casetti.wpevi.com\/en\/wp-json\/wp\/v2\/comments?post=11106"}],"version-history":[{"count":3,"href":"https:\/\/casetti.wpevi.com\/en\/wp-json\/wp\/v2\/product\/11106\/revisions"}],"predecessor-version":[{"id":11750,"href":"https:\/\/casetti.wpevi.com\/en\/wp-json\/wp\/v2\/product\/11106\/revisions\/11750"}],"wp:featuredmedia":[{"embeddable":true,"href":"https:\/\/casetti.wpevi.com\/en\/wp-json\/wp\/v2\/media\/12504"}],"wp:attachment":[{"href":"https:\/\/casetti.wpevi.com\/en\/wp-json\/wp\/v2\/media?parent=11106"}],"wp:term":[{"taxonomy":"product_brand","embeddable":true,"href":"https:\/\/casetti.wpevi.com\/en\/wp-json\/wp\/v2\/product_brand?post=11106"},{"taxonomy":"product_cat","embeddable":true,"href":"https:\/\/casetti.wpevi.com\/en\/wp-json\/wp\/v2\/product_cat?post=11106"},{"taxonomy":"product_tag","embeddable":true,"href":"https:\/\/casetti.wpevi.com\/en\/wp-json\/wp\/v2\/product_tag?post=11106"}],"curies":[{"name":"wp","href":"https:\/\/api.w.org\/{rel}","templated":true}]}}