{"id":11026,"date":"2026-02-20T16:15:05","date_gmt":"2026-02-20T13:15:05","guid":{"rendered":"https:\/\/casetti.wpevi.com\/aurex-3lu-zigon-sehpa-set\/"},"modified":"2026-02-28T14:46:48","modified_gmt":"2026-02-28T11:46:48","slug":"aurex-3lu-zigon-sehpa-set","status":"publish","type":"product","link":"https:\/\/casetti.wpevi.com\/en\/aurex-3lu-zigon-sehpa-set\/","title":{"rendered":"Aurex 3&#8217;l\u00fc Zigon Sehpa Set"},"content":{"rendered":"<p>\u00dcr\u00fcn \u00d6l\u00e7\u00fcleri:<br \/>Y\u00fckseklik : 58 cm &#8211; 52 cm &#8211; 47 cm<br \/>\u00dcst Tabla \u00d6l\u00e7\u00fcleri:<br \/>1. 50 cm x 48 cm<br \/>2. 48 cm x 45 cm<br \/>3. 48 cm x 40 cm<\/p>\n<p>Modern mimariden ilham alan <strong>AUREX&nbsp; Zigon Sehpa<\/strong>, g\u00f6vdesi ve siyah cam tablas\u0131 ile ya\u015fam alanlar\u0131na sofistike bir \u0131\u015f\u0131lt\u0131 kazand\u0131r\u0131r. \u0130nce ve g\u00fc\u00e7l\u00fc dikey ayak yap\u0131s\u0131, tasar\u0131ma hem zarafet hem de mimari bir duru\u015f katar.<\/p>\n<p>\u0130\u00e7 i\u00e7e ge\u00e7ebilen zigon formu sayesinde alan tasarrufu sa\u011flar; g\u00fcnl\u00fck kullan\u0131mda pratiklik sunarken dekoratif g\u00f6r\u00fcn\u00fcm\u00fcyle bulundu\u011fu ortama de\u011fer katar. Salon, oturma odas\u0131 ve ofis alanlar\u0131 i\u00e7in \u00fcst segment bir tamamlay\u0131c\u0131d\u0131r.<\/p>\n<h3><strong>\u00dcr\u00fcn \u00d6zellikleri<\/strong><\/h3>\n<ul>\n<li><strong>Tasar\u0131m:<\/strong> Koltuk aras\u0131na girebilir<\/li>\n<li><strong>Kullan\u0131m:<\/strong> Zigon sehpa (\u00fcst \u00fcste \/ i\u00e7 i\u00e7e ge\u00e7ebilir)<\/li>\n<li><strong>Dayan\u0131kl\u0131l\u0131k:<\/strong> Paslanmaya ve kararmaya kar\u015f\u0131 diren\u00e7li yap\u0131<\/li>\n<li><strong>Bak\u0131m:<\/strong> Nemli bezle kolay temizlik<\/li>\n<\/ul>","protected":false},"excerpt":{"rendered":"<p>\u00dcr\u00fcn \u00d6l\u00e7\u00fcleri:Y\u00fckseklik : 58 cm &#8211; 52 cm &#8211; 47 cm\u00dcst Tabla \u00d6l\u00e7\u00fcleri:1. 50 cm x 48 cm2. 48 cm x 45 cm3. 48 cm x 40 cm Modern mimariden ilham alan AUREX&nbsp; Zigon Sehpa, g\u00f6vdesi ve siyah cam tablas\u0131 ile ya\u015fam alanlar\u0131na sofistike bir \u0131\u015f\u0131lt\u0131 kazand\u0131r\u0131r. \u0130nce ve g\u00fc\u00e7l\u00fc dikey ayak yap\u0131s\u0131, tasar\u0131ma hem &hellip; <a href=\"https:\/\/casetti.wpevi.com\/en\/aurex-3lu-zigon-sehpa-set\/\" class=\"more-link\">Continue reading <span class=\"screen-reader-text\">Aurex 3&#8217;l\u00fc Zigon Sehpa Set<\/span><\/a><\/p>","protected":false},"featured_media":13258,"comment_status":"open","ping_status":"closed","template":"","meta":[],"product_brand":[217],"product_cat":[159,199],"product_tag":[],"class_list":{"0":"post-11026","1":"product","2":"type-product","3":"status-publish","4":"has-post-thumbnail","6":"product_brand-casetti","7":"product_cat-metal-mobilya","8":"product_cat-zigon-sehpa","9":"pa_renk-krom","10":"pa_renk-mat-gold","11":"pa_renk-mat-siyah","14":"instock","15":"taxable","16":"shipping-taxable","17":"purchasable","18":"product-type-variable"},"_links":{"self":[{"href":"https:\/\/casetti.wpevi.com\/en\/wp-json\/wp\/v2\/product\/11026","targetHints":{"allow":["GET"]}}],"collection":[{"href":"https:\/\/casetti.wpevi.com\/en\/wp-json\/wp\/v2\/product"}],"about":[{"href":"https:\/\/casetti.wpevi.com\/en\/wp-json\/wp\/v2\/types\/product"}],"replies":[{"embeddable":true,"href":"https:\/\/casetti.wpevi.com\/en\/wp-json\/wp\/v2\/comments?post=11026"}],"version-history":[{"count":3,"href":"https:\/\/casetti.wpevi.com\/en\/wp-json\/wp\/v2\/product\/11026\/revisions"}],"predecessor-version":[{"id":11517,"href":"https:\/\/casetti.wpevi.com\/en\/wp-json\/wp\/v2\/product\/11026\/revisions\/11517"}],"wp:featuredmedia":[{"embeddable":true,"href":"https:\/\/casetti.wpevi.com\/en\/wp-json\/wp\/v2\/media\/13258"}],"wp:attachment":[{"href":"https:\/\/casetti.wpevi.com\/en\/wp-json\/wp\/v2\/media?parent=11026"}],"wp:term":[{"taxonomy":"product_brand","embeddable":true,"href":"https:\/\/casetti.wpevi.com\/en\/wp-json\/wp\/v2\/product_brand?post=11026"},{"taxonomy":"product_cat","embeddable":true,"href":"https:\/\/casetti.wpevi.com\/en\/wp-json\/wp\/v2\/product_cat?post=11026"},{"taxonomy":"product_tag","embeddable":true,"href":"https:\/\/casetti.wpevi.com\/en\/wp-json\/wp\/v2\/product_tag?post=11026"}],"curies":[{"name":"wp","href":"https:\/\/api.w.org\/{rel}","templated":true}]}}