{"id":11013,"date":"2026-02-20T16:00:03","date_gmt":"2026-02-20T13:00:03","guid":{"rendered":"https:\/\/casetti.wpevi.com\/mono-3lu-zigon-set\/"},"modified":"2026-03-02T19:27:02","modified_gmt":"2026-03-02T16:27:02","slug":"mono-3lu-zigon-set","status":"publish","type":"product","link":"https:\/\/casetti.wpevi.com\/en\/mono-3lu-zigon-set\/","title":{"rendered":"Mono 3-Piece Nesting Table Set"},"content":{"rendered":"<p>Modern \u00e7izgileri ve net geometrik yap\u0131s\u0131yla \u00f6ne \u00e7\u0131kan Mono <strong>3\u2019l\u00fc Kare Zigon Sehpa<\/strong>, ya\u015fam alanlar\u0131na g\u00fc\u00e7l\u00fc ve sofistike bir karakter kazand\u0131r\u0131r. Kare form \u00fcst tablalar\u0131 ve dengeli metal ayak yap\u0131s\u0131, modern dekorasyon anlay\u0131\u015f\u0131n\u0131 tamamlayan mimari bir duru\u015f sunar.<\/p>\n<p>Metal g\u00f6vde \u00fczerine uygulanan <strong>dekoratif f\u0131r\u0131n boya<\/strong>, \u00fcr\u00fcne s\u0131cak ve l\u00fcks bir g\u00f6r\u00fcn\u00fcm kazand\u0131r\u0131rken siyah cam \u00fcst tablalar tasar\u0131ma derinlik ve kontrast katar. <strong>3\u2019l\u00fc zigon set<\/strong> yap\u0131s\u0131 sayesinde sehpalardan her biri ayr\u0131 ayr\u0131 kullan\u0131labilir; ihtiya\u00e7 duyulmad\u0131\u011f\u0131nda ise i\u00e7 i\u00e7e ge\u00e7irilerek d\u00fczenli ve kompakt bir \u015fekilde saklanabilir.<\/p>\n<p>Salon, oturma odas\u0131 ve ofis gibi farkl\u0131 mek\u00e2nlarda rahatl\u0131kla kullan\u0131labilen MONO<strong> 3\u2019l\u00fc Kare Zigon Sehpa<\/strong>, modern, minimal ve l\u00fcks dekorasyon stilleriyle m\u00fckemmel uyum sa\u011flar.<\/p>\n<p><strong>Featured Features<\/strong><\/p>\n<ul>\n<li>\u2714\ufe0f Y\u00fckseklik : 59 cm &#8211; 54 cm &#8211; 49 cm<\/li>\n<li>\u2714\ufe0f \u00dcst Tabla \u00d6l\u00e7\u00fcleri : 45 cm x 55 cm &#8211; 43 cm x 50 cm &#8211; 41 cm x 45 cm<\/li>\n<li>\u2714\ufe0f Net ve dengeli kare form tasar\u0131m<\/li>\n<li>\u2714\ufe0f \u0130\u00e7 i\u00e7e ge\u00e7ebilen pratik kullan\u0131m<\/li>\n<li>\u2714\ufe0f Sa\u011flam ve uzun \u00f6m\u00fcrl\u00fc yap\u0131<\/li>\n<li>\u2714\ufe0f Kolay temizlenebilir y\u00fczey<\/li>\n<\/ul>\n<p>Fonksiyonel kullan\u0131m\u0131 ve g\u00fc\u00e7l\u00fc tasar\u0131m\u0131yla Mono<strong> 3\u2019l\u00fc Kare Zigon Sehpa<\/strong>, modern ya\u015fam alanlar\u0131nda \u015f\u0131kl\u0131\u011f\u0131 tamamlayan ideal bir yard\u0131mc\u0131 sehpa setidir.<\/p>","protected":false},"excerpt":{"rendered":"<p>Modern \u00e7izgileri ve net geometrik yap\u0131s\u0131yla \u00f6ne \u00e7\u0131kan Mono 3\u2019l\u00fc Kare Zigon Sehpa, ya\u015fam alanlar\u0131na g\u00fc\u00e7l\u00fc ve sofistike bir karakter kazand\u0131r\u0131r. Kare form \u00fcst tablalar\u0131 ve dengeli metal ayak yap\u0131s\u0131, modern dekorasyon anlay\u0131\u015f\u0131n\u0131 tamamlayan mimari bir duru\u015f sunar. Metal g\u00f6vde \u00fczerine uygulanan dekoratif f\u0131r\u0131n boya, \u00fcr\u00fcne s\u0131cak ve l\u00fcks bir g\u00f6r\u00fcn\u00fcm kazand\u0131r\u0131rken siyah cam \u00fcst &hellip; <a href=\"https:\/\/casetti.wpevi.com\/en\/mono-3lu-zigon-set\/\" class=\"more-link\">Continue reading <span class=\"screen-reader-text\">Mono 3-Piece Nesting Table Set<\/span><\/a><\/p>","protected":false},"featured_media":13480,"comment_status":"open","ping_status":"closed","template":"","meta":[],"product_brand":[217],"product_cat":[159,199],"product_tag":[],"class_list":{"0":"post-11013","1":"product","2":"type-product","3":"status-publish","4":"has-post-thumbnail","6":"product_brand-casetti","7":"product_cat-metal-mobilya","8":"product_cat-zigon-sehpa","9":"pa_renk-krom","10":"pa_renk-mat-gold","11":"pa_renk-mat-siyah","14":"instock","15":"taxable","16":"shipping-taxable","17":"purchasable","18":"product-type-variable"},"_links":{"self":[{"href":"https:\/\/casetti.wpevi.com\/en\/wp-json\/wp\/v2\/product\/11013","targetHints":{"allow":["GET"]}}],"collection":[{"href":"https:\/\/casetti.wpevi.com\/en\/wp-json\/wp\/v2\/product"}],"about":[{"href":"https:\/\/casetti.wpevi.com\/en\/wp-json\/wp\/v2\/types\/product"}],"replies":[{"embeddable":true,"href":"https:\/\/casetti.wpevi.com\/en\/wp-json\/wp\/v2\/comments?post=11013"}],"version-history":[{"count":5,"href":"https:\/\/casetti.wpevi.com\/en\/wp-json\/wp\/v2\/product\/11013\/revisions"}],"predecessor-version":[{"id":11722,"href":"https:\/\/casetti.wpevi.com\/en\/wp-json\/wp\/v2\/product\/11013\/revisions\/11722"}],"wp:featuredmedia":[{"embeddable":true,"href":"https:\/\/casetti.wpevi.com\/en\/wp-json\/wp\/v2\/media\/13480"}],"wp:attachment":[{"href":"https:\/\/casetti.wpevi.com\/en\/wp-json\/wp\/v2\/media?parent=11013"}],"wp:term":[{"taxonomy":"product_brand","embeddable":true,"href":"https:\/\/casetti.wpevi.com\/en\/wp-json\/wp\/v2\/product_brand?post=11013"},{"taxonomy":"product_cat","embeddable":true,"href":"https:\/\/casetti.wpevi.com\/en\/wp-json\/wp\/v2\/product_cat?post=11013"},{"taxonomy":"product_tag","embeddable":true,"href":"https:\/\/casetti.wpevi.com\/en\/wp-json\/wp\/v2\/product_tag?post=11013"}],"curies":[{"name":"wp","href":"https:\/\/api.w.org\/{rel}","templated":true}]}}