{"id":10991,"date":"2026-02-20T15:27:04","date_gmt":"2026-02-20T12:27:04","guid":{"rendered":"https:\/\/casetti.wpevi.com\/aria-zigon-sehpa-set\/"},"modified":"2026-03-12T14:53:03","modified_gmt":"2026-03-12T11:53:03","slug":"aria-zigon-sehpa-set","status":"publish","type":"product","link":"https:\/\/casetti.wpevi.com\/en\/aria-zigon-sehpa-set\/","title":{"rendered":"Aria Nesting Coffee Table Set"},"content":{"rendered":"<p>\u00dcr\u00fcn \u00d6zellikleri;<br \/>Y\u00fckseklik : 56 cm &#8211; 53 cm &#8211; 45 cm <\/p>\n<p>\u00dcst Tabla \u00d6l\u00e7\u00fcleri:<br \/>1. 45 cm <br \/>2. 37 cm <br \/>3. 30 cm <\/p>\n<p>Zarif hatlar\u0131 ve modern tasar\u0131m\u0131yla \u00f6ne \u00e7\u0131kan <strong>Luna Zigon Sehpa<\/strong>, ya\u015fam alanlar\u0131na hafif ama etkileyici bir dokunu\u015f kazand\u0131r\u0131r. Yuvarlak \u00fcst tablas\u0131 ve ince metal ayak yap\u0131s\u0131 sayesinde mek\u00e2nda ak\u0131c\u0131 ve dengeli bir g\u00f6r\u00fcn\u00fcm olu\u015fturur.<\/p>\n<p>\u0130\u00e7 i\u00e7e ge\u00e7ebilen zigon formu sayesinde kullan\u0131m esnekli\u011fi sunar ve ihtiya\u00e7 duyulmad\u0131\u011f\u0131nda alan tasarrufu sa\u011flar.<\/p>\n<p>Salon, oturma odas\u0131, yatak odas\u0131 veya ofis gibi farkl\u0131 alanlarda rahatl\u0131kla kullan\u0131labilen Ari<strong>a Zigon Sehpa<\/strong>, modern, minimal ve l\u00fcks dekorasyon stilleriyle uyum i\u00e7inde yer al\u0131r.<\/p>\n<p><strong>Featured Features<\/strong><\/p>\n<ul>\n<li>\u2714\ufe0f Yuvarlak cam \u00fcst tabla<\/li>\n<li>\u2714\ufe0f \u0130nce ve zarif metal ayak yap\u0131s\u0131<\/li>\n<li>\u2714\ufe0f \u0130\u00e7 i\u00e7e ge\u00e7ebilen pratik kullan\u0131m<\/li>\n<li>\u2714\ufe0f Dengeli ve sa\u011flam duru\u015f<\/li>\n<li>\u2714\ufe0f Kolay temizlenebilir y\u00fczey<\/li>\n<\/ul>\n<p>Estetik, fonksiyonellik ve modern tasar\u0131m\u0131 bir arada sunan Ari<strong>a Zigon Sehpa<\/strong>, ya\u015fam alanlar\u0131nda \u015f\u0131kl\u0131\u011f\u0131 tamamlayan ideal bir yard\u0131mc\u0131 sehpad\u0131r.<\/p>","protected":false},"excerpt":{"rendered":"<p>\u00dcr\u00fcn \u00d6zellikleri;Y\u00fckseklik : 56 cm &#8211; 53 cm &#8211; 45 cm \u00dcst Tabla \u00d6l\u00e7\u00fcleri:1. 45 cm 2. 37 cm 3. 30 cm Zarif hatlar\u0131 ve modern tasar\u0131m\u0131yla \u00f6ne \u00e7\u0131kan Luna Zigon Sehpa, ya\u015fam alanlar\u0131na hafif ama etkileyici bir dokunu\u015f kazand\u0131r\u0131r. Yuvarlak \u00fcst tablas\u0131 ve ince metal ayak yap\u0131s\u0131 sayesinde mek\u00e2nda ak\u0131c\u0131 ve dengeli bir g\u00f6r\u00fcn\u00fcm &hellip; <a href=\"https:\/\/casetti.wpevi.com\/en\/aria-zigon-sehpa-set\/\" class=\"more-link\">Continue reading <span class=\"screen-reader-text\">Aria Nesting Coffee Table Set<\/span><\/a><\/p>","protected":false},"featured_media":15423,"comment_status":"open","ping_status":"closed","template":"","meta":[],"product_brand":[217],"product_cat":[159,199],"product_tag":[],"class_list":{"0":"post-10991","1":"product","2":"type-product","3":"status-publish","4":"has-post-thumbnail","6":"product_brand-casetti","7":"product_cat-metal-mobilya","8":"product_cat-zigon-sehpa","9":"pa_renk-krom","10":"pa_renk-mat-gold","11":"pa_renk-mat-siyah","14":"instock","15":"taxable","16":"shipping-taxable","17":"purchasable","18":"product-type-variable"},"_links":{"self":[{"href":"https:\/\/casetti.wpevi.com\/en\/wp-json\/wp\/v2\/product\/10991","targetHints":{"allow":["GET"]}}],"collection":[{"href":"https:\/\/casetti.wpevi.com\/en\/wp-json\/wp\/v2\/product"}],"about":[{"href":"https:\/\/casetti.wpevi.com\/en\/wp-json\/wp\/v2\/types\/product"}],"replies":[{"embeddable":true,"href":"https:\/\/casetti.wpevi.com\/en\/wp-json\/wp\/v2\/comments?post=10991"}],"version-history":[{"count":5,"href":"https:\/\/casetti.wpevi.com\/en\/wp-json\/wp\/v2\/product\/10991\/revisions"}],"predecessor-version":[{"id":11706,"href":"https:\/\/casetti.wpevi.com\/en\/wp-json\/wp\/v2\/product\/10991\/revisions\/11706"}],"wp:featuredmedia":[{"embeddable":true,"href":"https:\/\/casetti.wpevi.com\/en\/wp-json\/wp\/v2\/media\/15423"}],"wp:attachment":[{"href":"https:\/\/casetti.wpevi.com\/en\/wp-json\/wp\/v2\/media?parent=10991"}],"wp:term":[{"taxonomy":"product_brand","embeddable":true,"href":"https:\/\/casetti.wpevi.com\/en\/wp-json\/wp\/v2\/product_brand?post=10991"},{"taxonomy":"product_cat","embeddable":true,"href":"https:\/\/casetti.wpevi.com\/en\/wp-json\/wp\/v2\/product_cat?post=10991"},{"taxonomy":"product_tag","embeddable":true,"href":"https:\/\/casetti.wpevi.com\/en\/wp-json\/wp\/v2\/product_tag?post=10991"}],"curies":[{"name":"wp","href":"https:\/\/api.w.org\/{rel}","templated":true}]}}