{"id":10973,"date":"2026-02-20T14:46:06","date_gmt":"2026-02-20T11:46:06","guid":{"rendered":"https:\/\/casetti.wpevi.com\/zenna-paslanmaz-zigon-sehpa-seti\/"},"modified":"2026-03-05T01:08:09","modified_gmt":"2026-03-04T22:08:09","slug":"zena-paslanmaz-zigon-sehpa-seti","status":"publish","type":"product","link":"https:\/\/casetti.wpevi.com\/en\/zena-paslanmaz-zigon-sehpa-seti\/","title":{"rendered":"Zena Paslanmaz Zigon Sehpa Seti"},"content":{"rendered":"<p>Modern ya\u015fam alanlar\u0131 i\u00e7in tasarlanan <strong>Zena Zigon Sehpa<\/strong>, zamans\u0131z tasar\u0131m\u0131 ve y\u00fcksek kaliteli <strong>paslanmaz \u00e7elik<\/strong> yap\u0131s\u0131yla estetik ve dayan\u0131kl\u0131l\u0131\u011f\u0131 bir araya getirir. Parlak metal y\u00fczeyi ve net hatlar\u0131 sayesinde bulundu\u011fu ortama sofistike bir hava katar.<\/p>\n<p>\u00dcst y\u00fczeyde kullan\u0131lan cam detay, tasar\u0131ma hafiflik kazand\u0131r\u0131rken; paslanmaz \u00e7elik g\u00f6vde uzun \u00f6m\u00fcrl\u00fc kullan\u0131m ve y\u00fcksek ta\u015f\u0131ma dayan\u0131m\u0131 sunar. \u0130\u00e7 i\u00e7e ge\u00e7ebilen zigon formu sayesinde alan tasarrufu sa\u011flar ve ihtiya\u00e7 duydu\u011funuzda pratik bir kullan\u0131m imk\u00e2n\u0131 sunar.<\/p>\n<p>Salon, oturma odas\u0131 veya ofis gibi farkl\u0131 mek\u00e2nlarda rahatl\u0131kla kullan\u0131labilen <strong>Zena Zigon<\/strong>, modern, l\u00fcks ve minimal dekorasyon stilleriyle m\u00fckemmel uyum sa\u011flar.<\/p>\n<p><strong>Featured Features<\/strong><\/p>\n<ul>\n<li>\u2714\ufe0f %100 <strong>Paslanmaz \u00c7elik<\/strong> g\u00f6vde<\/li>\n<li>\u2714\ufe0f Modern ve \u015f\u0131k tasar\u0131m<\/li>\n<li>\u2714\ufe0f Dayan\u0131kl\u0131, uzun \u00f6m\u00fcrl\u00fc yap\u0131<\/li>\n<li>\u2714\ufe0f \u0130\u00e7 i\u00e7e ge\u00e7ebilen pratik kullan\u0131m<\/li>\n<li>\u2714\ufe0f Kolay temizlenebilir y\u00fczey<\/li>\n<\/ul>\n<p>Zarafeti ve fonksiyonelli\u011fi bir arada sunan <strong>Zena Zigon Sehpa<\/strong>, ya\u015fam alanlar\u0131n\u0131za modern bir dokunu\u015f katmak i\u00e7in ideal bir tercihtir.<\/p>","protected":false},"excerpt":{"rendered":"<p>Zena Paslanmaz \u00c7elik Zigon Seti<\/p>","protected":false},"featured_media":13890,"comment_status":"open","ping_status":"closed","template":"","meta":[],"product_brand":[217],"product_cat":[159,199],"product_tag":[],"class_list":{"0":"post-10973","1":"product","2":"type-product","3":"status-publish","4":"has-post-thumbnail","6":"product_brand-casetti","7":"product_cat-metal-mobilya","8":"product_cat-zigon-sehpa","11":"instock","12":"taxable","13":"shipping-taxable","14":"purchasable","15":"product-type-simple"},"_links":{"self":[{"href":"https:\/\/casetti.wpevi.com\/en\/wp-json\/wp\/v2\/product\/10973","targetHints":{"allow":["GET"]}}],"collection":[{"href":"https:\/\/casetti.wpevi.com\/en\/wp-json\/wp\/v2\/product"}],"about":[{"href":"https:\/\/casetti.wpevi.com\/en\/wp-json\/wp\/v2\/types\/product"}],"replies":[{"embeddable":true,"href":"https:\/\/casetti.wpevi.com\/en\/wp-json\/wp\/v2\/comments?post=10973"}],"version-history":[{"count":1,"href":"https:\/\/casetti.wpevi.com\/en\/wp-json\/wp\/v2\/product\/10973\/revisions"}],"predecessor-version":[{"id":11000,"href":"https:\/\/casetti.wpevi.com\/en\/wp-json\/wp\/v2\/product\/10973\/revisions\/11000"}],"wp:featuredmedia":[{"embeddable":true,"href":"https:\/\/casetti.wpevi.com\/en\/wp-json\/wp\/v2\/media\/13890"}],"wp:attachment":[{"href":"https:\/\/casetti.wpevi.com\/en\/wp-json\/wp\/v2\/media?parent=10973"}],"wp:term":[{"taxonomy":"product_brand","embeddable":true,"href":"https:\/\/casetti.wpevi.com\/en\/wp-json\/wp\/v2\/product_brand?post=10973"},{"taxonomy":"product_cat","embeddable":true,"href":"https:\/\/casetti.wpevi.com\/en\/wp-json\/wp\/v2\/product_cat?post=10973"},{"taxonomy":"product_tag","embeddable":true,"href":"https:\/\/casetti.wpevi.com\/en\/wp-json\/wp\/v2\/product_tag?post=10973"}],"curies":[{"name":"wp","href":"https:\/\/api.w.org\/{rel}","templated":true}]}}