{"id":10050,"date":"2025-12-24T10:20:25","date_gmt":"2025-12-24T07:20:25","guid":{"rendered":"https:\/\/casetti.wpevi.com\/altin-renk-dokum-yaprak-kucuk-boy\/"},"modified":"2026-03-12T21:03:15","modified_gmt":"2026-03-12T18:03:15","slug":"gold-renk-dokum-yaprak-kucuk-boy","status":"publish","type":"product","link":"https:\/\/casetti.wpevi.com\/en\/gold-renk-dokum-yaprak-kucuk-boy\/","title":{"rendered":"Gold Renk D\u00f6k\u00fcm Yaprak K\u00fc\u00e7\u00fck Boy"},"content":{"rendered":"<p data-start=\"403\" data-end=\"675\">Elegant, simple and eye-catching\u2026<br data-start=\"428\" data-end=\"431\" \/><strong data-start=\"431\" data-end=\"481\">Casetti Home Brass Cast Leaf Decor (36 cm)<\/strong>, A stylish decorative object that combines modern and classic styles. Its handcrafted brass surface, combined with the warm tones of gold, adds a sophisticated touch to any space.<\/p>\n<p data-start=\"677\" data-end=\"888\">Its compact size makes it a perfect complement to a coffee table, dresser, console, or desk. It creates an impressive unity both on its own and when displayed in different sizes.<\/p>\n<p data-start=\"890\" data-end=\"919\">\ud83d\udcab <strong data-start=\"893\" data-end=\"917\">Featured Features<\/strong><\/p>\n<ul data-start=\"920\" data-end=\"1105\">\n<li data-start=\"920\" data-end=\"944\">\n<p data-start=\"922\" data-end=\"944\">Brass casting material<\/p>\n<\/li>\n<li data-start=\"945\" data-end=\"978\">\n<p data-start=\"947\" data-end=\"978\">36 cm length \u2013 compact size<\/p>\n<\/li>\n<li data-start=\"979\" data-end=\"1008\">\n<p data-start=\"981\" data-end=\"1008\">Handcrafted detailed surface<\/p>\n<\/li>\n<li data-start=\"1009\" data-end=\"1037\">\n<p data-start=\"1011\" data-end=\"1037\">Gold-toned luxury look<\/p>\n<\/li>\n<li data-start=\"1038\" data-end=\"1081\">\n<p data-start=\"1040\" data-end=\"1081\">Ideal for coffee table, sideboard and shelf decoration<\/p>\n<\/li>\n<li data-start=\"1082\" data-end=\"1105\">\n<p data-start=\"1084\" data-end=\"1105\">Stylish gift option<\/p>\n<\/li>\n<\/ul>","protected":false},"excerpt":{"rendered":"<p>36x20x12 CM<\/p>","protected":false},"featured_media":15821,"comment_status":"open","ping_status":"closed","template":"","meta":[],"product_brand":[],"product_cat":[15],"product_tag":[],"class_list":{"0":"post-10050","1":"product","2":"type-product","3":"status-publish","4":"has-post-thumbnail","6":"product_cat-uncategorized","9":"instock","10":"taxable","11":"shipping-taxable","12":"purchasable","13":"product-type-simple"},"_links":{"self":[{"href":"https:\/\/casetti.wpevi.com\/en\/wp-json\/wp\/v2\/product\/10050","targetHints":{"allow":["GET"]}}],"collection":[{"href":"https:\/\/casetti.wpevi.com\/en\/wp-json\/wp\/v2\/product"}],"about":[{"href":"https:\/\/casetti.wpevi.com\/en\/wp-json\/wp\/v2\/types\/product"}],"replies":[{"embeddable":true,"href":"https:\/\/casetti.wpevi.com\/en\/wp-json\/wp\/v2\/comments?post=10050"}],"version-history":[{"count":2,"href":"https:\/\/casetti.wpevi.com\/en\/wp-json\/wp\/v2\/product\/10050\/revisions"}],"predecessor-version":[{"id":15467,"href":"https:\/\/casetti.wpevi.com\/en\/wp-json\/wp\/v2\/product\/10050\/revisions\/15467"}],"wp:featuredmedia":[{"embeddable":true,"href":"https:\/\/casetti.wpevi.com\/en\/wp-json\/wp\/v2\/media\/15821"}],"wp:attachment":[{"href":"https:\/\/casetti.wpevi.com\/en\/wp-json\/wp\/v2\/media?parent=10050"}],"wp:term":[{"taxonomy":"product_brand","embeddable":true,"href":"https:\/\/casetti.wpevi.com\/en\/wp-json\/wp\/v2\/product_brand?post=10050"},{"taxonomy":"product_cat","embeddable":true,"href":"https:\/\/casetti.wpevi.com\/en\/wp-json\/wp\/v2\/product_cat?post=10050"},{"taxonomy":"product_tag","embeddable":true,"href":"https:\/\/casetti.wpevi.com\/en\/wp-json\/wp\/v2\/product_tag?post=10050"}],"curies":[{"name":"wp","href":"https:\/\/api.w.org\/{rel}","templated":true}]}}