{"id":10044,"date":"2025-12-24T10:20:23","date_gmt":"2025-12-24T07:20:23","guid":{"rendered":"https:\/\/casetti.wpevi.com\/yesil-mavi-gecisli-porselen-vazo-buyuk-cst202500007\/"},"modified":"2026-02-11T15:36:08","modified_gmt":"2026-02-11T12:36:08","slug":"green-blue-transitional-porcelain-vase-large-cst202500007","status":"publish","type":"product","link":"https:\/\/casetti.wpevi.com\/en\/green-blue-transitional-porcelain-vase-large-cst202500007\/","title":{"rendered":"Green Blue Gradient Porcelain Vase Large CST202500007"},"content":{"rendered":"<p>Ev dekorasyonunuz i\u00e7in \u015f\u0131kl\u0131\u011f\u0131 ve zarafeti bir araya getiren bu dekoratif vazo, porselen kaliteli malzemeden \u00fcretilmi\u015f olup her mekana estetik bir dokunu\u015f katar. Modern tasar\u0131m\u0131yla oturma odas\u0131, salon ya da ofisinizde kullanabilece\u011finiz bu vazo, \u00e7i\u00e7ek yerle\u015ftirmenin yan\u0131 s\u0131ra tek ba\u015f\u0131na da g\u00f6rsel bir \u015f\u00f6len sunar. Dayan\u0131kl\u0131 yap\u0131s\u0131 ve kusursuz i\u015f\u00e7ili\u011fiyle uzun y\u0131llar keyifle kullanabilirsiniz.&#8221;<\/p>","protected":false},"excerpt":{"rendered":"<p>H: 44 cm<\/p>","protected":false},"featured_media":10879,"comment_status":"open","ping_status":"closed","template":"","meta":[],"product_brand":[],"product_cat":[158,212],"product_tag":[],"class_list":{"0":"post-10044","1":"product","2":"type-product","3":"status-publish","4":"has-post-thumbnail","6":"product_cat-genel","7":"product_cat-saksi-vazo-kup","10":"instock","11":"sale","12":"taxable","13":"shipping-taxable","14":"purchasable","15":"product-type-simple"},"_links":{"self":[{"href":"https:\/\/casetti.wpevi.com\/en\/wp-json\/wp\/v2\/product\/10044","targetHints":{"allow":["GET"]}}],"collection":[{"href":"https:\/\/casetti.wpevi.com\/en\/wp-json\/wp\/v2\/product"}],"about":[{"href":"https:\/\/casetti.wpevi.com\/en\/wp-json\/wp\/v2\/types\/product"}],"replies":[{"embeddable":true,"href":"https:\/\/casetti.wpevi.com\/en\/wp-json\/wp\/v2\/comments?post=10044"}],"version-history":[{"count":1,"href":"https:\/\/casetti.wpevi.com\/en\/wp-json\/wp\/v2\/product\/10044\/revisions"}],"predecessor-version":[{"id":10485,"href":"https:\/\/casetti.wpevi.com\/en\/wp-json\/wp\/v2\/product\/10044\/revisions\/10485"}],"wp:featuredmedia":[{"embeddable":true,"href":"https:\/\/casetti.wpevi.com\/en\/wp-json\/wp\/v2\/media\/10879"}],"wp:attachment":[{"href":"https:\/\/casetti.wpevi.com\/en\/wp-json\/wp\/v2\/media?parent=10044"}],"wp:term":[{"taxonomy":"product_brand","embeddable":true,"href":"https:\/\/casetti.wpevi.com\/en\/wp-json\/wp\/v2\/product_brand?post=10044"},{"taxonomy":"product_cat","embeddable":true,"href":"https:\/\/casetti.wpevi.com\/en\/wp-json\/wp\/v2\/product_cat?post=10044"},{"taxonomy":"product_tag","embeddable":true,"href":"https:\/\/casetti.wpevi.com\/en\/wp-json\/wp\/v2\/product_tag?post=10044"}],"curies":[{"name":"wp","href":"https:\/\/api.w.org\/{rel}","templated":true}]}}