{"id":10042,"date":"2025-12-24T10:20:22","date_gmt":"2025-12-24T07:20:22","guid":{"rendered":"https:\/\/casetti.wpevi.com\/porselen-desenli-yer-kupu-kucuk-boy-cst2025000010\/"},"modified":"2026-02-11T15:36:10","modified_gmt":"2026-02-11T12:36:10","slug":"porselen-desenli-yer-kupu-kucuk-boy-cst2025000010","status":"publish","type":"product","link":"https:\/\/casetti.wpevi.com\/en\/porselen-desenli-yer-kupu-kucuk-boy-cst2025000010\/","title":{"rendered":"Porcelain Patterned Floor Jar Small Size CST2025000010"},"content":{"rendered":"<p>B\u00fcy\u00fck boy yer k\u00fcp\u00fc, porselen malzemeden \u00fcretilmi\u015f dayan\u0131kl\u0131 ve estetik bir dekorasyon \u00fcr\u00fcn\u00fcd\u00fcr. Y\u00fcksekli\u011fi 52cm, olan bu k\u00fcp, evinizin veya bah\u00e7enizin dekorasyonuna do\u011fal ve \u015f\u0131k bir dokunu\u015f katar. \u00c7i\u00e7ek, yaprak gibi do\u011fal d\u00fczenlemeler i\u00e7in ideal saks\u0131 olarak da kullan\u0131labilir.<\/p>","protected":false},"excerpt":{"rendered":"<p>H : 52 CM<\/p>","protected":false},"featured_media":10881,"comment_status":"open","ping_status":"closed","template":"","meta":[],"product_brand":[],"product_cat":[212],"product_tag":[],"class_list":{"0":"post-10042","1":"product","2":"type-product","3":"status-publish","4":"has-post-thumbnail","6":"product_cat-saksi-vazo-kup","9":"instock","10":"sale","11":"taxable","12":"shipping-taxable","13":"purchasable","14":"product-type-simple"},"_links":{"self":[{"href":"https:\/\/casetti.wpevi.com\/en\/wp-json\/wp\/v2\/product\/10042","targetHints":{"allow":["GET"]}}],"collection":[{"href":"https:\/\/casetti.wpevi.com\/en\/wp-json\/wp\/v2\/product"}],"about":[{"href":"https:\/\/casetti.wpevi.com\/en\/wp-json\/wp\/v2\/types\/product"}],"replies":[{"embeddable":true,"href":"https:\/\/casetti.wpevi.com\/en\/wp-json\/wp\/v2\/comments?post=10042"}],"version-history":[{"count":0,"href":"https:\/\/casetti.wpevi.com\/en\/wp-json\/wp\/v2\/product\/10042\/revisions"}],"wp:featuredmedia":[{"embeddable":true,"href":"https:\/\/casetti.wpevi.com\/en\/wp-json\/wp\/v2\/media\/10881"}],"wp:attachment":[{"href":"https:\/\/casetti.wpevi.com\/en\/wp-json\/wp\/v2\/media?parent=10042"}],"wp:term":[{"taxonomy":"product_brand","embeddable":true,"href":"https:\/\/casetti.wpevi.com\/en\/wp-json\/wp\/v2\/product_brand?post=10042"},{"taxonomy":"product_cat","embeddable":true,"href":"https:\/\/casetti.wpevi.com\/en\/wp-json\/wp\/v2\/product_cat?post=10042"},{"taxonomy":"product_tag","embeddable":true,"href":"https:\/\/casetti.wpevi.com\/en\/wp-json\/wp\/v2\/product_tag?post=10042"}],"curies":[{"name":"wp","href":"https:\/\/api.w.org\/{rel}","templated":true}]}}