{"id":10032,"date":"2025-12-23T18:39:31","date_gmt":"2025-12-23T15:39:31","guid":{"rendered":"https:\/\/casetti.wpevi.com\/8698-2\/"},"modified":"2026-03-12T20:05:10","modified_gmt":"2026-03-12T17:05:10","slug":"tempest-noir-masa-saati","status":"publish","type":"product","link":"https:\/\/casetti.wpevi.com\/en\/tempest-noir-masa-saati\/","title":{"rendered":"Tempest Noir Masa Saati"},"content":{"rendered":"<p>Product Dimensions&nbsp;<br \/>Y\u00fckseklik : 32 cm&nbsp;<br \/>Geni\u015flik : 24 cm&nbsp;<\/p>\n<p>Tempest Noir, zamans\u0131z Londra zarafetini modern bir disiplinle bulu\u015fturan sofistike bir tasar\u0131m. Derin siyah kadran\u0131 \u00fczerinde y\u00fckselen alt\u0131n tonlu roman rakamlar\u0131, g\u00fc\u00e7l\u00fc bir kontrast yaratarak aristokrat bir duru\u015f sergiler.<\/p>\n<p>Parlak pirin\u00e7 detaylar\u0131 ve klasik \u00e7an formu, ge\u00e7mi\u015fin se\u00e7kin saat ustal\u0131\u011f\u0131n\u0131 yans\u0131t\u0131rken; dengeli oranlar\u0131 sayesinde bulundu\u011fu mek\u00e2na kararl\u0131 bir karakter kazand\u0131r\u0131r. \u00c7al\u0131\u015fma odalar\u0131nda, y\u00f6netici ofislerinde ve stil sahibi ya\u015fam alanlar\u0131nda dikkat \u00e7eken bir vurgu par\u00e7as\u0131d\u0131r.<\/p>","protected":false},"excerpt":{"rendered":"<p>32 x 24 cm<\/p>","protected":false},"featured_media":15768,"comment_status":"open","ping_status":"closed","template":"","meta":[],"product_brand":[217],"product_cat":[238,236],"product_tag":[],"class_list":{"0":"post-10032","1":"product","2":"type-product","3":"status-publish","4":"has-post-thumbnail","6":"product_brand-casetti","7":"product_cat-masa-saatleri","8":"product_cat-saatler","11":"instock","12":"taxable","13":"shipping-taxable","14":"purchasable","15":"product-type-simple"},"_links":{"self":[{"href":"https:\/\/casetti.wpevi.com\/en\/wp-json\/wp\/v2\/product\/10032","targetHints":{"allow":["GET"]}}],"collection":[{"href":"https:\/\/casetti.wpevi.com\/en\/wp-json\/wp\/v2\/product"}],"about":[{"href":"https:\/\/casetti.wpevi.com\/en\/wp-json\/wp\/v2\/types\/product"}],"replies":[{"embeddable":true,"href":"https:\/\/casetti.wpevi.com\/en\/wp-json\/wp\/v2\/comments?post=10032"}],"version-history":[{"count":2,"href":"https:\/\/casetti.wpevi.com\/en\/wp-json\/wp\/v2\/product\/10032\/revisions"}],"predecessor-version":[{"id":13233,"href":"https:\/\/casetti.wpevi.com\/en\/wp-json\/wp\/v2\/product\/10032\/revisions\/13233"}],"wp:featuredmedia":[{"embeddable":true,"href":"https:\/\/casetti.wpevi.com\/en\/wp-json\/wp\/v2\/media\/15768"}],"wp:attachment":[{"href":"https:\/\/casetti.wpevi.com\/en\/wp-json\/wp\/v2\/media?parent=10032"}],"wp:term":[{"taxonomy":"product_brand","embeddable":true,"href":"https:\/\/casetti.wpevi.com\/en\/wp-json\/wp\/v2\/product_brand?post=10032"},{"taxonomy":"product_cat","embeddable":true,"href":"https:\/\/casetti.wpevi.com\/en\/wp-json\/wp\/v2\/product_cat?post=10032"},{"taxonomy":"product_tag","embeddable":true,"href":"https:\/\/casetti.wpevi.com\/en\/wp-json\/wp\/v2\/product_tag?post=10032"}],"curies":[{"name":"wp","href":"https:\/\/api.w.org\/{rel}","templated":true}]}}