{"id":10023,"date":"2025-12-23T18:34:58","date_gmt":"2025-12-23T15:34:58","guid":{"rendered":"https:\/\/casetti.wpevi.com\/kabartmali-siyah-gold-porselen-kup-buyuk-cst2025000017\/"},"modified":"2026-03-04T23:08:15","modified_gmt":"2026-03-04T20:08:15","slug":"kabartmali-siyah-gold-porselen-kup-buyuk-cst2025000017","status":"publish","type":"product","link":"https:\/\/casetti.wpevi.com\/en\/kabartmali-siyah-gold-porselen-kup-buyuk-cst2025000017\/","title":{"rendered":"Embossed Black Gold Porcelain Jar Large CST2025000017"},"content":{"rendered":"<div class=\"woocommerce-tabs wc-tabs-wrapper\">\n<div id=\"tab-description\" class=\"woocommerce-Tabs-panel woocommerce-Tabs-panel--description panel entry-content wc-tab\" role=\"tabpanel\" aria-labelledby=\"tab-title-description\">\n<p>Evinizin havas\u0131n\u0131 tek dokunu\u015fla de\u011fi\u015ftirecek \u015f\u0131k ve zamans\u0131z bir dekor: Siyah Gold Kapakl\u0131 Dekoratif K\u00fcp. Modern \u00e7izgileri, geometrik kabartma dokusu ve zarif alt\u0131n detaylar\u0131yla her ya\u015fam alan\u0131na l\u00fcks bir g\u00f6r\u00fcn\u00fcm kazand\u0131r\u0131r.<\/p>\n<\/div>\n<\/div>","protected":false},"excerpt":{"rendered":"<p>H : 52 CM<\/p>","protected":false},"featured_media":13862,"comment_status":"open","ping_status":"closed","template":"","meta":[],"product_brand":[],"product_cat":[158,212],"product_tag":[],"class_list":{"0":"post-10023","1":"product","2":"type-product","3":"status-publish","4":"has-post-thumbnail","6":"product_cat-genel","7":"product_cat-saksi-vazo-kup","10":"instock","11":"sale","12":"taxable","13":"shipping-taxable","14":"purchasable","15":"product-type-simple"},"_links":{"self":[{"href":"https:\/\/casetti.wpevi.com\/en\/wp-json\/wp\/v2\/product\/10023","targetHints":{"allow":["GET"]}}],"collection":[{"href":"https:\/\/casetti.wpevi.com\/en\/wp-json\/wp\/v2\/product"}],"about":[{"href":"https:\/\/casetti.wpevi.com\/en\/wp-json\/wp\/v2\/types\/product"}],"replies":[{"embeddable":true,"href":"https:\/\/casetti.wpevi.com\/en\/wp-json\/wp\/v2\/comments?post=10023"}],"version-history":[{"count":1,"href":"https:\/\/casetti.wpevi.com\/en\/wp-json\/wp\/v2\/product\/10023\/revisions"}],"predecessor-version":[{"id":10498,"href":"https:\/\/casetti.wpevi.com\/en\/wp-json\/wp\/v2\/product\/10023\/revisions\/10498"}],"wp:featuredmedia":[{"embeddable":true,"href":"https:\/\/casetti.wpevi.com\/en\/wp-json\/wp\/v2\/media\/13862"}],"wp:attachment":[{"href":"https:\/\/casetti.wpevi.com\/en\/wp-json\/wp\/v2\/media?parent=10023"}],"wp:term":[{"taxonomy":"product_brand","embeddable":true,"href":"https:\/\/casetti.wpevi.com\/en\/wp-json\/wp\/v2\/product_brand?post=10023"},{"taxonomy":"product_cat","embeddable":true,"href":"https:\/\/casetti.wpevi.com\/en\/wp-json\/wp\/v2\/product_cat?post=10023"},{"taxonomy":"product_tag","embeddable":true,"href":"https:\/\/casetti.wpevi.com\/en\/wp-json\/wp\/v2\/product_tag?post=10023"}],"curies":[{"name":"wp","href":"https:\/\/api.w.org\/{rel}","templated":true}]}}