{"id":10018,"date":"2025-12-23T18:34:52","date_gmt":"2025-12-23T15:34:52","guid":{"rendered":"https:\/\/casetti.wpevi.com\/saf-pirinc-kristalli-uzum-dekor\/"},"modified":"2026-03-07T18:12:07","modified_gmt":"2026-03-07T15:12:07","slug":"metal-cam-uzumlu-dekor-obje","status":"publish","type":"product","link":"https:\/\/casetti.wpevi.com\/en\/metal-cam-uzumlu-dekor-obje\/","title":{"rendered":"Metal Glass Grape Decorative Object"},"content":{"rendered":"<p data-start=\"445\" data-end=\"675\">A special design where elegance and luxury meet...<br data-start=\"492\" data-end=\"495\" \/><strong data-start=\"495\" data-end=\"536\">Casetti Home Brass Cast Grape Decor<\/strong>, adds a sophisticated air to living spaces with its handcrafted brass body and smoked glass details on its ends.<\/p>\n<p data-start=\"677\" data-end=\"913\">This unique sculptural object is a timeless piece that can be used as a stylish complement to a console, coffee table, or display case. Reflecting quality in every detail, this design adds an artistic touch to any home decor.<\/p>\n<p data-start=\"915\" data-end=\"944\">\ud83d\udcab <strong data-start=\"918\" data-end=\"942\">Featured Features<\/strong><\/p>\n<ul data-start=\"945\" data-end=\"1143\">\n<li data-start=\"945\" data-end=\"967\">\n<p data-start=\"947\" data-end=\"967\">Brass casting body<\/p>\n<\/li>\n<li data-start=\"993\" data-end=\"1044\">\n<p data-start=\"995\" data-end=\"1044\">Premium decorative object produced by handcrafting<\/p>\n<\/li>\n<li data-start=\"1045\" data-end=\"1087\">\n<p data-start=\"1047\" data-end=\"1087\">Compatible with modern and classic decorations<\/p>\n<\/li>\n<li data-start=\"1088\" data-end=\"1143\">\n<p data-start=\"1090\" data-end=\"1143\">Impressive appearance on display cabinets, coffee tables and consoles<\/p>\n<\/li>\n<\/ul>\n<p data-start=\"1145\" data-end=\"1223\">\ud83d\udccf <strong data-start=\"1148\" data-end=\"1158\">Dimension:<\/strong> Width 30 cm Height 10 cm<br data-start=\"1176\" data-end=\"1179\" \/>\ud83c\udfa8 <strong data-start=\"1182\" data-end=\"1191\">Colour:<\/strong> Brass &amp; Smoked Glass<\/p>\n<p data-start=\"1225\" data-end=\"1303\">\u2728 Add elegance to your space with Casetti Home&#039;s luxury decorative object collection.<\/p>","protected":false},"excerpt":{"rendered":"<p>Zarafetin ve l\u00fcks\u00fcn bulu\u015ftu\u011fu \u00f6zel bir tasar\u0131m\u2026Casetti Home Pirin\u00e7 D\u00f6k\u00fcm \u00dcz\u00fcm Dekoru, el i\u015f\u00e7ili\u011fiyle \u00fcretilmi\u015f pirin\u00e7 g\u00f6vdesi ve u\u00e7 k\u0131s\u0131mlar\u0131ndaki bu\u011fulu cam detaylar\u0131yla ya\u015fam alanlar\u0131na sofistike bir hava kat\u0131yor. Heykel formundaki bu \u00f6zel obje; konsol, sehpa ya da vitrinlerde \u015f\u0131k bir tamamlay\u0131c\u0131 olarak kullanabilece\u011finiz zamans\u0131z bir dekor par\u00e7as\u0131d\u0131r. Her detay\u0131yla kaliteyi yans\u0131tan bu tasar\u0131m, ev &hellip; <a href=\"https:\/\/casetti.wpevi.com\/en\/metal-cam-uzumlu-dekor-obje\/\" class=\"more-link\">Continue reading <span class=\"screen-reader-text\">Metal Glass Grape Decorative Object<\/span><\/a><\/p>","protected":false},"featured_media":14567,"comment_status":"open","ping_status":"closed","template":"","meta":[],"product_brand":[],"product_cat":[208],"product_tag":[],"class_list":{"0":"post-10018","1":"product","2":"type-product","3":"status-publish","4":"has-post-thumbnail","6":"product_cat-masaustu-dekoratif-obje","9":"instock","10":"sale","11":"taxable","12":"shipping-taxable","13":"purchasable","14":"product-type-simple"},"_links":{"self":[{"href":"https:\/\/casetti.wpevi.com\/en\/wp-json\/wp\/v2\/product\/10018","targetHints":{"allow":["GET"]}}],"collection":[{"href":"https:\/\/casetti.wpevi.com\/en\/wp-json\/wp\/v2\/product"}],"about":[{"href":"https:\/\/casetti.wpevi.com\/en\/wp-json\/wp\/v2\/types\/product"}],"replies":[{"embeddable":true,"href":"https:\/\/casetti.wpevi.com\/en\/wp-json\/wp\/v2\/comments?post=10018"}],"version-history":[{"count":2,"href":"https:\/\/casetti.wpevi.com\/en\/wp-json\/wp\/v2\/product\/10018\/revisions"}],"predecessor-version":[{"id":14566,"href":"https:\/\/casetti.wpevi.com\/en\/wp-json\/wp\/v2\/product\/10018\/revisions\/14566"}],"wp:featuredmedia":[{"embeddable":true,"href":"https:\/\/casetti.wpevi.com\/en\/wp-json\/wp\/v2\/media\/14567"}],"wp:attachment":[{"href":"https:\/\/casetti.wpevi.com\/en\/wp-json\/wp\/v2\/media?parent=10018"}],"wp:term":[{"taxonomy":"product_brand","embeddable":true,"href":"https:\/\/casetti.wpevi.com\/en\/wp-json\/wp\/v2\/product_brand?post=10018"},{"taxonomy":"product_cat","embeddable":true,"href":"https:\/\/casetti.wpevi.com\/en\/wp-json\/wp\/v2\/product_cat?post=10018"},{"taxonomy":"product_tag","embeddable":true,"href":"https:\/\/casetti.wpevi.com\/en\/wp-json\/wp\/v2\/product_tag?post=10018"}],"curies":[{"name":"wp","href":"https:\/\/api.w.org\/{rel}","templated":true}]}}