{"id":9237,"date":"2025-11-29T10:44:39","date_gmt":"2025-11-29T10:44:39","guid":{"rendered":"https:\/\/casetti.wpevi.com\/?page_id=9237"},"modified":"2025-11-29T10:45:19","modified_gmt":"2025-11-29T10:45:19","slug":"odeme-ve-teslimat","status":"publish","type":"page","link":"https:\/\/casetti.wpevi.com\/en\/odeme-ve-teslimat\/","title":{"rendered":"Payment and Delivery"},"content":{"rendered":"\t\t<div data-elementor-type=\"wp-page\" data-elementor-id=\"9237\" class=\"elementor elementor-9237\" data-elementor-post-type=\"page\">\n\t\t\t\t<div class=\"elementor-element elementor-element-800bdf9 e-flex e-con-boxed e-con e-parent\" data-id=\"800bdf9\" data-element_type=\"container\" data-e-type=\"container\">\n\t\t\t\t\t<div class=\"e-con-inner\">\n\t\t\t\t<div class=\"elementor-element elementor-element-97c94ea elementor-widget elementor-widget-heading\" data-id=\"97c94ea\" data-element_type=\"widget\" data-e-type=\"widget\" data-widget_type=\"heading.default\">\n\t\t\t\t\t<h1 class=\"elementor-heading-title elementor-size-default\">\u00d6deme ve Teslimat<\/h1>\t\t\t\t<\/div>\n\t\t\t\t<div class=\"elementor-element elementor-element-5f61349 elementor-widget elementor-widget-heading\" data-id=\"5f61349\" data-element_type=\"widget\" data-e-type=\"widget\" data-widget_type=\"heading.default\">\n\t\t\t\t\t<span class=\"elementor-heading-title elementor-size-default\">Son G\u00fcncelleme: 29\/11\/2025<\/span>\t\t\t\t<\/div>\n\t\t\t\t\t<\/div>\n\t\t\t\t<\/div>\n\t\t<div class=\"elementor-element elementor-element-beb2ac8 e-flex e-con-boxed e-con e-parent\" data-id=\"beb2ac8\" data-element_type=\"container\" data-e-type=\"container\">\n\t\t\t\t\t<div class=\"e-con-inner\">\n\t\t\t\t<div class=\"elementor-element elementor-element-cbd67ba elementor-widget elementor-widget-text-editor\" data-id=\"cbd67ba\" data-element_type=\"widget\" data-e-type=\"widget\" data-widget_type=\"text-editor.default\">\n\t\t\t\t\t\t\t\t\t<p class=\"font-claude-response-body whitespace-normal break-words\"><strong>\u00d6deme Se\u00e7enekleri<\/strong><\/p><ol class=\"[&amp;:not(:last-child)_ul]:pb-1 [&amp;:not(:last-child)_ol]:pb-1 list-decimal space-y-2.5 pl-7\"><li class=\"whitespace-normal break-words\">Banka Havalesi veya EFT Finasbank hesaplar\u0131m\u0131zdan (TL) herhangi birine \u00f6deme yapabilirsiniz.<\/li><li class=\"whitespace-normal break-words\">Kredi Kart\u0131 ile Online \u00d6deme T\u00fcm kredi kartlar\u0131n\u0131za online tek \u00f6deme veya Akbank \u00fczerinden taksit imkanlar\u0131ndan yararlanabilirsiniz. Online \u00f6demelerinizde sipari\u015f sonunda kredi kart\u0131n\u0131zdan tutar \u00e7ekim i\u015flemi ger\u00e7ekle\u015fir.<\/li><\/ol><p class=\"font-claude-response-body whitespace-normal break-words\">Sipari\u015f iptali veya stok sorunlar\u0131 nedeniyle iade durumunda kredi kart\u0131n\u0131za para iadesi 3 i\u015f g\u00fcn\u00fc i\u00e7inde yap\u0131l\u0131r.<\/p><p class=\"font-claude-response-body whitespace-normal break-words\"><strong>Sipari\u015f Bedeli \u0130adesi<\/strong><\/p><p class=\"font-claude-response-body whitespace-normal break-words\">Sipari\u015flerin olas\u0131 sebeplerle iptali durumunda Nezih Haccar, 3 i\u015f g\u00fcn\u00fc i\u00e7inde \u00fcr\u00fcn bedelini hesab\u0131n\u0131za veya kredi kart\u0131n\u0131za iade eder.<\/p><p class=\"font-claude-response-body whitespace-normal break-words\">Banka hesap bilgilerinizi veya kredi kart\u0131 bilgilerinizi do\u011fru ve eksiksiz olarak finans yetkililerimize bildirmeniz gerekmektedir.<\/p><p class=\"font-claude-response-body whitespace-normal break-words\"><strong>Teslimat S\u00fcreci<\/strong><\/p><p class=\"font-claude-response-body whitespace-normal break-words\">Sipari\u015f etti\u011finiz \u00fcr\u00fcnleri ayn\u0131 g\u00fcn kargoya teslim etmeye \u00e7al\u0131\u015f\u0131yoruz. Temini zaman alan \u00fcr\u00fcnler i\u00e7in kargo teslim s\u00fcresi \u00fcr\u00fcn detay\u0131nda belirtildi\u011fi gibi 3 i\u015f g\u00fcn\u00fcd\u00fcr.<\/p><p class=\"font-claude-response-body whitespace-normal break-words\">Gecikmesi muhtemel teslimat durumunda size bilgi verilecektir.<\/p><p class=\"font-claude-response-body whitespace-normal break-words\">\u00dcr\u00fcn teslimat\u0131n\u0131n aksamadan ger\u00e7ekle\u015fmesi i\u00e7in l\u00fctfen g\u00fcn i\u00e7inde bulundu\u011funuz yerin adresini teslimat adresi olarak bildirin.<\/p><p class=\"font-claude-response-body whitespace-normal break-words\">Sipari\u015fleriniz onayland\u0131ktan sonra en ge\u00e7 2 i\u015f g\u00fcn\u00fc i\u00e7inde kargo firmas\u0131na teslim edilir. Kargo teslimatlar\u0131 sadece T\u00fcrkiye i\u00e7indir.<\/p><p class=\"font-claude-response-body whitespace-normal break-words\">Farkl\u0131 teslimat \u015fartlar\u0131 i\u00e7in m\u00fc\u015fteri temsilcimizle g\u00f6r\u00fc\u015febilirsiniz.<\/p><p class=\"font-claude-response-body whitespace-normal break-words\"><strong>\u00d6deme Takibi<\/strong><\/p><p class=\"font-claude-response-body whitespace-normal break-words\">\u00d6deme sistemi herhangi bir sorun nedeniyle i\u015flemi ger\u00e7ekle\u015ftiremiyorsa \u00f6deme sayfas\u0131 sonucunda bu durumdan haberdar edilirsiniz.<\/p><p class=\"font-claude-response-body whitespace-normal break-words\">Belirtilen adreste hata olmas\u0131 durumunda sipari\u015f veren ile ileti\u015fime ge\u00e7ilir.<\/p><p class=\"font-claude-response-body whitespace-normal break-words\">Belirtti\u011finiz e-posta adresinin ge\u00e7erlili\u011fi, sipari\u015f sonras\u0131 g\u00f6nderilen otomatik e-posta ile teyit edilir.<\/p><p class=\"font-claude-response-body whitespace-normal break-words\"><strong>\u00d6nemli Uyar\u0131lar<\/strong><\/p><p class=\"font-claude-response-body whitespace-normal break-words\">Sevkiyat s\u0131ras\u0131nda zarar g\u00f6rd\u00fc\u011f\u00fcn\u00fc d\u00fc\u015f\u00fcnd\u00fc\u011f\u00fcn\u00fcz paketleri teslim ald\u0131\u011f\u0131n\u0131z firma yetkilisi \u00f6n\u00fcnde a\u00e7\u0131p kontrol edin.<\/p><p class=\"font-claude-response-body whitespace-normal break-words\">\u00dcr\u00fcnde herhangi bir hasar oldu\u011funu d\u00fc\u015f\u00fcn\u00fcyorsan\u0131z kargo firmas\u0131na tutanak tutturarak \u00fcr\u00fcn\u00fc teslim almay\u0131n.<\/p><p class=\"font-claude-response-body whitespace-normal break-words\">\u00dcr\u00fcn teslim al\u0131nd\u0131ktan sonra kargo firmas\u0131n\u0131n g\u00f6revini tam olarak yerine getirdi\u011fi kabul edilir.<\/p><p class=\"font-claude-response-body whitespace-normal break-words\"><strong>Hasarl\u0131 \u00dcr\u00fcn Durumunda<\/strong><\/p><p class=\"font-claude-response-body whitespace-normal break-words\">Haz\u0131rlad\u0131\u011f\u0131n\u0131z tutana\u011f\u0131 en k\u0131sa zamanda <a class=\"underline\" href=\"mailto:muhasebe@casettihome.com\">muhasebe@casettihome.com<\/a> adresine bildirin.<\/p><p class=\"font-claude-response-body whitespace-normal break-words\">E-postan\u0131zda \u00fcr\u00fcn\u00fc neden iade etmek istedi\u011finizi k\u0131saca a\u00e7\u0131klarsan\u0131z \u00e7al\u0131\u015fmalar\u0131m\u0131zda bize yard\u0131mc\u0131 olursunuz.<\/p><p class=\"font-claude-response-body whitespace-normal break-words\">Bu i\u015flemleri ger\u00e7ekle\u015ftirdi\u011finizde paketinizle ilgili \u00e7al\u0131\u015fmalara ba\u015flayarak en k\u0131sa zamanda teslimat\u0131n tekrarlanmas\u0131n\u0131 sa\u011flayaca\u011f\u0131z.<\/p><p class=\"font-claude-response-body whitespace-normal break-words\"><strong>\u0130leti\u015fim<\/strong><\/p><p class=\"font-claude-response-body whitespace-normal break-words\">E-posta: <a class=\"underline\" href=\"mailto:muhasebe@casettihome.com\">muhasebe@casettihome.com<\/a> Telefon: +90 224 273 46 61<\/p>\t\t\t\t\t\t\t\t<\/div>\n\t\t\t\t\t<\/div>\n\t\t\t\t<\/div>\n\t\t\t\t<\/div>\n\t\t","protected":false},"excerpt":{"rendered":"<p>\u00d6deme Se\u00e7enekleri Banka Havalesi veya EFT Finasbank hesaplar\u0131m\u0131zdan (TL) herhangi birine \u00f6deme yapabilirsiniz. Kredi Kart\u0131 ile Online \u00d6deme T\u00fcm kredi kartlar\u0131n\u0131za online tek \u00f6deme veya Akbank \u00fczerinden taksit imkanlar\u0131ndan yararlanabilirsiniz. Online \u00f6demelerinizde sipari\u015f sonunda kredi kart\u0131n\u0131zdan tutar \u00e7ekim i\u015flemi ger\u00e7ekle\u015fir. Sipari\u015f iptali veya stok sorunlar\u0131 nedeniyle iade durumunda kredi kart\u0131n\u0131za para iadesi 3 i\u015f g\u00fcn\u00fc &hellip; <a href=\"https:\/\/casetti.wpevi.com\/en\/odeme-ve-teslimat\/\" class=\"more-link\">Continue reading <span class=\"screen-reader-text\">Payment and Delivery<\/span><\/a><\/p>","protected":false},"author":1,"featured_media":0,"parent":0,"menu_order":0,"comment_status":"closed","ping_status":"closed","template":"elementor_header_footer","meta":{"footnotes":""},"class_list":["post-9237","page","type-page","status-publish","hentry"],"_links":{"self":[{"href":"https:\/\/casetti.wpevi.com\/en\/wp-json\/wp\/v2\/pages\/9237","targetHints":{"allow":["GET"]}}],"collection":[{"href":"https:\/\/casetti.wpevi.com\/en\/wp-json\/wp\/v2\/pages"}],"about":[{"href":"https:\/\/casetti.wpevi.com\/en\/wp-json\/wp\/v2\/types\/page"}],"author":[{"embeddable":true,"href":"https:\/\/casetti.wpevi.com\/en\/wp-json\/wp\/v2\/users\/1"}],"replies":[{"embeddable":true,"href":"https:\/\/casetti.wpevi.com\/en\/wp-json\/wp\/v2\/comments?post=9237"}],"version-history":[{"count":4,"href":"https:\/\/casetti.wpevi.com\/en\/wp-json\/wp\/v2\/pages\/9237\/revisions"}],"predecessor-version":[{"id":9241,"href":"https:\/\/casetti.wpevi.com\/en\/wp-json\/wp\/v2\/pages\/9237\/revisions\/9241"}],"wp:attachment":[{"href":"https:\/\/casetti.wpevi.com\/en\/wp-json\/wp\/v2\/media?parent=9237"}],"curies":[{"name":"wp","href":"https:\/\/api.w.org\/{rel}","templated":true}]}}